{"id":110,"date":"2026-03-06T15:34:32","date_gmt":"2026-03-06T15:34:32","guid":{"rendered":"http:\/\/njxsqse.cluster121.hosting.ovh.net\/?page_id=110"},"modified":"2026-03-19T13:28:47","modified_gmt":"2026-03-19T13:28:47","slug":"presentation","status":"publish","type":"page","link":"http:\/\/www.cpcaudry.fr\/index.php\/presentation\/","title":{"rendered":"Pr\u00e9sentation"},"content":{"rendered":"\n<figure class=\"wp-block-image size-full\"><img loading=\"lazy\" decoding=\"async\" width=\"567\" height=\"803\" src=\"http:\/\/njxsqse.cluster121.hosting.ovh.net\/wp-content\/uploads\/2026\/03\/affihe.jpg\" alt=\"\" class=\"wp-image-134\" srcset=\"http:\/\/www.cpcaudry.fr\/wp-content\/uploads\/2026\/03\/affihe.jpg 567w, http:\/\/www.cpcaudry.fr\/wp-content\/uploads\/2026\/03\/affihe-212x300.jpg 212w\" sizes=\"auto, (max-width: 567px) 100vw, 567px\" \/><\/figure>\n\n\n\n<p class=\"has-text-align-center\"><strong>LE MOT DU MAIRE DE CAUDRY<\/strong><\/p>\n\n\n\n<p><br>C\u2019est un plaisir et une immense fiert\u00e9 pour la Ville de Caudry d\u2019accueillir le Championnat de France des v\u00e9t\u00e9rans de tennis de table, du 3 au 6 avril 2026.<br>Labellis\u00e9e comme \u00ab\u00a0Ville Active et Sportive\u00a0\u00bb 2 lauriers, Caudry se r\u00e9jouit de mettre ses infrastructures d&rsquo;excellence, le Palais des Sports Aur\u00e9lie Ch\u00e2telain et la Salle Secr\u00e9tin, au service de cette comp\u00e9tition de haut niveau. Cet \u00e9v\u00e9nement t\u00e9moigne de notre vitalit\u00e9 et de notre passion pour le sport sous toutes ses formes. Je tiens ainsi \u00e0 saluer l\u2019engagement exemplaire des organisateurs et des b\u00e9n\u00e9voles du Club Pongiste caudr\u00e9sien, sous la houlette de son Pr\u00e9sident : S\u00e9bastien VANDEWALLE.<br>Ils \u0153uvrent avec ferveur pour faire de ce championnat une r\u00e9ussite totale. Ensemble, nous aurons \u00e0 c\u0153ur de porter fi\u00e8rement les couleurs de Caudry au niveau national, dans un esprit de convivialit\u00e9 et de  d\u00e9passement de soi. Aux participants venus de toute la France, aux officiels et aux passionn\u00e9s, je souhaite la plus belle des comp\u00e9titions au sein de notre belle cit\u00e9 de la dentelle.<br>Que ces journ\u00e9es soient une grande f\u00eate du sport et du partage. <br>Monsieur Fr\u00e9d\u00e9ric Bricout<br>Maire de Caudry<br>Conseiller d\u00e9partemental du Nord<br><a href=\"https:\/\/www.caudry.fr\/\">https:\/\/www.caudry.fr\/<\/a><\/p>\n\n\n\n<figure class=\"wp-block-image size-full is-resized\"><img loading=\"lazy\" decoding=\"async\" width=\"660\" height=\"515\" src=\"http:\/\/www.cpcaudry.fr\/wp-content\/uploads\/2026\/03\/maire.jpg\" alt=\"\" class=\"wp-image-169\" style=\"width:401px;height:auto\" srcset=\"http:\/\/www.cpcaudry.fr\/wp-content\/uploads\/2026\/03\/maire.jpg 660w, http:\/\/www.cpcaudry.fr\/wp-content\/uploads\/2026\/03\/maire-300x234.jpg 300w\" sizes=\"auto, (max-width: 660px) 100vw, 660px\" \/><\/figure>\n\n\n\n<p><\/p>\n\n\n\n<p><\/p>\n\n\n\n<p class=\"has-text-align-center\"><strong>LE MOT DU PR\u00c9SIDENT CP CAUDRY<\/strong><\/p>\n\n\n\n<p>Apr\u00e8s l&rsquo;organisation du TOP 16 U 10 d&rsquo;il y a deux ann\u00e9es, nous sommes heureux et remercions la FFTT de nous accorder cette tr\u00e8s belle organisation des Championnats de FRANCE VETERANS 2026.<br>C&rsquo;est un honneur et une fiert\u00e9 de vous recevoir dans notre belle ville de la dentelle \u00e0 CAUDRY. Malgr\u00e9 le peu de temps pour l&rsquo;organisation, nous allons tout mettre en \u0153uvre pour vous accueillir dans les meilleures conditions d&rsquo;accueil et de comp\u00e9tition.<\/p>\n\n\n\n<p>Durant les 3 jours de comp\u00e9tition, notre \u00e9quipe de b\u00e9n\u00e9voles sera \u00e0 votre enti\u00e8re disposition pour que vous passiez un superbe moment ou vous pourrez \u00e9galement visiter nos \u00e9quipements culturels (Mus\u00e9es ou autres)<br>Nos deux salles,la restauration,les buvettes,les stands de produits r\u00e9gionaux vous attendent pour que vous passiez de merveilleux moments en ce week-end de P\u00c2QUES PONGISTES \u00ab\u00a0CH&rsquo;TIS\u00a0\u00bb<br>Rendez-vous donc les 4,5 et 6 AVRIL prochains en terre Caudr\u00e9sienne. Vive les VETERANS, Vive le PING.<br>S\u00e9bastien VANDEWALLE<br>Pr\u00e9sident du CP CAUDRY<\/p>\n\n\n\n<figure class=\"wp-block-image size-full is-resized\"><img loading=\"lazy\" decoding=\"async\" width=\"453\" height=\"557\" src=\"http:\/\/www.cpcaudry.fr\/wp-content\/uploads\/2026\/03\/seb.jpg\" alt=\"\" class=\"wp-image-173\" style=\"width:343px;height:auto\" srcset=\"http:\/\/www.cpcaudry.fr\/wp-content\/uploads\/2026\/03\/seb.jpg 453w, http:\/\/www.cpcaudry.fr\/wp-content\/uploads\/2026\/03\/seb-244x300.jpg 244w\" sizes=\"auto, (max-width: 453px) 100vw, 453px\" \/><\/figure>\n\n\n\n<p><\/p>\n","protected":false},"excerpt":{"rendered":"<p>LE MOT DU MAIRE DE CAUDRY C\u2019est un plaisir et une immense fiert\u00e9 pour la Ville de Caudry d\u2019accueillir le Championnat de France des v\u00e9t\u00e9rans de tennis de table, du 3 au 6 avril 2026.Labellis\u00e9e comme \u00ab\u00a0Ville Active et Sportive\u00a0\u00bb 2 lauriers, Caudry se r\u00e9jouit de mettre ses infrastructures d&rsquo;excellence, le Palais des Sports Aur\u00e9lie [&hellip;]<\/p>\n","protected":false},"author":1,"featured_media":0,"parent":0,"menu_order":0,"comment_status":"closed","ping_status":"closed","template":"","meta":{"footnotes":""},"class_list":["post-110","page","type-page","status-publish","hentry"],"_links":{"self":[{"href":"http:\/\/www.cpcaudry.fr\/index.php\/wp-json\/wp\/v2\/pages\/110","targetHints":{"allow":["GET"]}}],"collection":[{"href":"http:\/\/www.cpcaudry.fr\/index.php\/wp-json\/wp\/v2\/pages"}],"about":[{"href":"http:\/\/www.cpcaudry.fr\/index.php\/wp-json\/wp\/v2\/types\/page"}],"author":[{"embeddable":true,"href":"http:\/\/www.cpcaudry.fr\/index.php\/wp-json\/wp\/v2\/users\/1"}],"replies":[{"embeddable":true,"href":"http:\/\/www.cpcaudry.fr\/index.php\/wp-json\/wp\/v2\/comments?post=110"}],"version-history":[{"count":11,"href":"http:\/\/www.cpcaudry.fr\/index.php\/wp-json\/wp\/v2\/pages\/110\/revisions"}],"predecessor-version":[{"id":200,"href":"http:\/\/www.cpcaudry.fr\/index.php\/wp-json\/wp\/v2\/pages\/110\/revisions\/200"}],"wp:attachment":[{"href":"http:\/\/www.cpcaudry.fr\/index.php\/wp-json\/wp\/v2\/media?parent=110"}],"curies":[{"name":"wp","href":"https:\/\/api.w.org\/{rel}","templated":true}]}}