{"id":57,"date":"2026-03-06T13:46:28","date_gmt":"2026-03-06T13:46:28","guid":{"rendered":"http:\/\/njxsqse.cluster121.hosting.ovh.net\/?page_id=57"},"modified":"2026-03-10T14:28:27","modified_gmt":"2026-03-10T14:28:27","slug":"notre-association","status":"publish","type":"page","link":"http:\/\/www.cpcaudry.fr\/index.php\/notre-association\/","title":{"rendered":"Notre Association"},"content":{"rendered":"\n<figure class=\"wp-block-image size-large\"><img loading=\"lazy\" decoding=\"async\" width=\"1024\" height=\"656\" src=\"http:\/\/njxsqse.cluster121.hosting.ovh.net\/wp-content\/uploads\/2026\/03\/image-presentation-1024x656.jpg\" alt=\"\" class=\"wp-image-115\" srcset=\"http:\/\/www.cpcaudry.fr\/wp-content\/uploads\/2026\/03\/image-presentation-1024x656.jpg 1024w, http:\/\/www.cpcaudry.fr\/wp-content\/uploads\/2026\/03\/image-presentation-300x192.jpg 300w, http:\/\/www.cpcaudry.fr\/wp-content\/uploads\/2026\/03\/image-presentation-768x492.jpg 768w, http:\/\/www.cpcaudry.fr\/wp-content\/uploads\/2026\/03\/image-presentation.jpg 1080w\" sizes=\"auto, (max-width: 1024px) 100vw, 1024px\" \/><\/figure>\n\n\n\n<p>Le Club des Pongistes de Caudry c&rsquo;est :<br>&#8211; une superbe salle d\u00e9di\u00e9e ouverte tous les soirs de la semaine m\u00eame pendant les vacances scolaires (\u00e0 part pour la tr\u00eave estivale)<br>&#8211; une centaine de licenci\u00e9s de tous niveaux<br>&#8211; des cours pour les jeunes avec un coach-animateur ( 3 cr\u00e9neaux par semaine)<br>&#8211; 4 cr\u00e9neaux (d\u00e8s 17h30) d&rsquo;entrainements libres par semaine<br>&#8211; 2 cr\u00e9neaux d&rsquo;entrainements dirig\u00e9s par semaine pour les adultes<br>&#8211; 13 \u00e9quipes de 4 personnes engag\u00e9es dans des comp\u00e9titions de la nationale 2 \u00e0 la D3<br>&#8211; un club convivial !<\/p>\n\n\n\n<p>Facilit\u00e9 de paiements possible en plusieurs fois.<\/p>\n\n\n\n<p>Possibilit\u00e9 de venir faire un essai &#8230; la seule chose qui est demand\u00e9 c&rsquo;est de la bonne humeur et de venir avec une paire de baskets propres<\/p>\n","protected":false},"excerpt":{"rendered":"<p>Le Club des Pongistes de Caudry c&rsquo;est :&#8211; une superbe salle d\u00e9di\u00e9e ouverte tous les soirs de la semaine m\u00eame pendant les vacances scolaires (\u00e0 part pour la tr\u00eave estivale)&#8211; une centaine de licenci\u00e9s de tous niveaux&#8211; des cours pour les jeunes avec un coach-animateur ( 3 cr\u00e9neaux par semaine)&#8211; 4 cr\u00e9neaux (d\u00e8s 17h30) d&rsquo;entrainements [&hellip;]<\/p>\n","protected":false},"author":1,"featured_media":0,"parent":0,"menu_order":0,"comment_status":"closed","ping_status":"closed","template":"","meta":{"footnotes":""},"class_list":["post-57","page","type-page","status-publish","hentry"],"_links":{"self":[{"href":"http:\/\/www.cpcaudry.fr\/index.php\/wp-json\/wp\/v2\/pages\/57","targetHints":{"allow":["GET"]}}],"collection":[{"href":"http:\/\/www.cpcaudry.fr\/index.php\/wp-json\/wp\/v2\/pages"}],"about":[{"href":"http:\/\/www.cpcaudry.fr\/index.php\/wp-json\/wp\/v2\/types\/page"}],"author":[{"embeddable":true,"href":"http:\/\/www.cpcaudry.fr\/index.php\/wp-json\/wp\/v2\/users\/1"}],"replies":[{"embeddable":true,"href":"http:\/\/www.cpcaudry.fr\/index.php\/wp-json\/wp\/v2\/comments?post=57"}],"version-history":[{"count":3,"href":"http:\/\/www.cpcaudry.fr\/index.php\/wp-json\/wp\/v2\/pages\/57\/revisions"}],"predecessor-version":[{"id":120,"href":"http:\/\/www.cpcaudry.fr\/index.php\/wp-json\/wp\/v2\/pages\/57\/revisions\/120"}],"wp:attachment":[{"href":"http:\/\/www.cpcaudry.fr\/index.php\/wp-json\/wp\/v2\/media?parent=57"}],"curies":[{"name":"wp","href":"https:\/\/api.w.org\/{rel}","templated":true}]}}