{"id":63,"date":"2026-03-06T14:16:38","date_gmt":"2026-03-06T14:16:38","guid":{"rendered":"http:\/\/njxsqse.cluster121.hosting.ovh.net\/?page_id=63"},"modified":"2026-03-27T16:34:35","modified_gmt":"2026-03-27T16:34:35","slug":"nos-entrainements","status":"publish","type":"page","link":"http:\/\/www.cpcaudry.fr\/index.php\/nos-entrainements\/","title":{"rendered":"Nos Entrainements"},"content":{"rendered":"\n<p>Nous avons la chance d&rsquo;avoir une salle d\u00e9di\u00e9e qui est ouverte pour les entrainements libre m\u00eame en p\u00e9riode de vacances scolaires . Il n&rsquo;y a qu&rsquo;une tr\u00eave estivale de 6 semaines &#8230; <br>Lundi d\u00e8s 17h30 entrainement dirig\u00e9 par Pierre Schawann<br>Mardi d\u00e8s 17h30 entrainement libre<br>Mercredi de 14h \u00e0 17h entrainement jeunes par Noa Triunfante\/\/ d\u00e8s 19h entrainement dirig\u00e9 par Noa Triunfante<br>Jeudi d\u00e8s 17h30 entrainement libre pour tous \/\/ 17h30 \u00e0 19h30 entrainement jeune par Noa Triunfante<br>Vendredi d\u00e8s 17h30 entrainement libre pour tous \/\/ 17h30 \u00e0 19h30 entrainement jeune par Noa Triunfante<\/p>\n\n\n\n<figure class=\"wp-block-image size-full\"><img loading=\"lazy\" decoding=\"async\" width=\"960\" height=\"720\" src=\"http:\/\/www.cpcaudry.fr\/wp-content\/uploads\/2026\/03\/salleping.jpg\" alt=\"\" class=\"wp-image-218\" srcset=\"http:\/\/www.cpcaudry.fr\/wp-content\/uploads\/2026\/03\/salleping.jpg 960w, http:\/\/www.cpcaudry.fr\/wp-content\/uploads\/2026\/03\/salleping-300x225.jpg 300w, http:\/\/www.cpcaudry.fr\/wp-content\/uploads\/2026\/03\/salleping-768x576.jpg 768w\" sizes=\"auto, (max-width: 960px) 100vw, 960px\" \/><\/figure>\n","protected":false},"excerpt":{"rendered":"<p>Nous avons la chance d&rsquo;avoir une salle d\u00e9di\u00e9e qui est ouverte pour les entrainements libre m\u00eame en p\u00e9riode de vacances scolaires . Il n&rsquo;y a qu&rsquo;une tr\u00eave estivale de 6 semaines &#8230; Lundi d\u00e8s 17h30 entrainement dirig\u00e9 par Pierre SchawannMardi d\u00e8s 17h30 entrainement libreMercredi de 14h \u00e0 17h entrainement jeunes par Noa Triunfante\/\/ d\u00e8s 19h [&hellip;]<\/p>\n","protected":false},"author":1,"featured_media":0,"parent":0,"menu_order":0,"comment_status":"closed","ping_status":"closed","template":"","meta":{"footnotes":""},"class_list":["post-63","page","type-page","status-publish","hentry"],"_links":{"self":[{"href":"http:\/\/www.cpcaudry.fr\/index.php\/wp-json\/wp\/v2\/pages\/63","targetHints":{"allow":["GET"]}}],"collection":[{"href":"http:\/\/www.cpcaudry.fr\/index.php\/wp-json\/wp\/v2\/pages"}],"about":[{"href":"http:\/\/www.cpcaudry.fr\/index.php\/wp-json\/wp\/v2\/types\/page"}],"author":[{"embeddable":true,"href":"http:\/\/www.cpcaudry.fr\/index.php\/wp-json\/wp\/v2\/users\/1"}],"replies":[{"embeddable":true,"href":"http:\/\/www.cpcaudry.fr\/index.php\/wp-json\/wp\/v2\/comments?post=63"}],"version-history":[{"count":4,"href":"http:\/\/www.cpcaudry.fr\/index.php\/wp-json\/wp\/v2\/pages\/63\/revisions"}],"predecessor-version":[{"id":221,"href":"http:\/\/www.cpcaudry.fr\/index.php\/wp-json\/wp\/v2\/pages\/63\/revisions\/221"}],"wp:attachment":[{"href":"http:\/\/www.cpcaudry.fr\/index.php\/wp-json\/wp\/v2\/media?parent=63"}],"curies":[{"name":"wp","href":"https:\/\/api.w.org\/{rel}","templated":true}]}}