{"id":78,"date":"2026-03-06T14:25:55","date_gmt":"2026-03-06T14:25:55","guid":{"rendered":"http:\/\/njxsqse.cluster121.hosting.ovh.net\/?page_id=78"},"modified":"2026-03-14T13:33:37","modified_gmt":"2026-03-14T13:33:37","slug":"programme","status":"publish","type":"page","link":"http:\/\/www.cpcaudry.fr\/index.php\/programme\/","title":{"rendered":"Programme"},"content":{"rendered":"\n<p><strong>ORGANISATION DE LA COMP\u00c9TITION<\/strong><br><\/p>\n\n\n\n<p>Responsable de l&rsquo;\u00e9preuve:<br>Micha\u00ebl Zakrzewski<\/p>\n\n\n\n<p>Superviseur des Juges Arbitres:<br>David Loriou<\/p>\n\n\n\n<p>Juge arbitre de la comp\u00e9tition ;<br>Fran\u00e7oise LAPICQUE<\/p>\n\n\n\n<p>Juges arbitres Adjoint:<br>Eric BARTZ<br>Claude RAECKELBOOM<br>Jacques DROMARD<\/p>\n\n\n\n<p>Responsable des arbitres : <br>Louis-Jean LONG\u00caP\u00ca<br><br>30 arbitres nationaux et 24 arbitres de la r\u00e9gion HDF<\/p>\n\n\n\n<p><\/p>\n","protected":false},"excerpt":{"rendered":"<p>ORGANISATION DE LA COMP\u00c9TITION Responsable de l&rsquo;\u00e9preuve:Micha\u00ebl Zakrzewski Superviseur des Juges Arbitres:David Loriou Juge arbitre de la comp\u00e9tition ;Fran\u00e7oise LAPICQUE Juges arbitres Adjoint:Eric BARTZClaude RAECKELBOOMJacques DROMARD Responsable des arbitres : Louis-Jean LONG\u00caP\u00ca 30 arbitres nationaux et 24 arbitres de la r\u00e9gion HDF<\/p>\n","protected":false},"author":1,"featured_media":0,"parent":0,"menu_order":0,"comment_status":"closed","ping_status":"closed","template":"","meta":{"footnotes":""},"class_list":["post-78","page","type-page","status-publish","hentry"],"_links":{"self":[{"href":"http:\/\/www.cpcaudry.fr\/index.php\/wp-json\/wp\/v2\/pages\/78","targetHints":{"allow":["GET"]}}],"collection":[{"href":"http:\/\/www.cpcaudry.fr\/index.php\/wp-json\/wp\/v2\/pages"}],"about":[{"href":"http:\/\/www.cpcaudry.fr\/index.php\/wp-json\/wp\/v2\/types\/page"}],"author":[{"embeddable":true,"href":"http:\/\/www.cpcaudry.fr\/index.php\/wp-json\/wp\/v2\/users\/1"}],"replies":[{"embeddable":true,"href":"http:\/\/www.cpcaudry.fr\/index.php\/wp-json\/wp\/v2\/comments?post=78"}],"version-history":[{"count":4,"href":"http:\/\/www.cpcaudry.fr\/index.php\/wp-json\/wp\/v2\/pages\/78\/revisions"}],"predecessor-version":[{"id":190,"href":"http:\/\/www.cpcaudry.fr\/index.php\/wp-json\/wp\/v2\/pages\/78\/revisions\/190"}],"wp:attachment":[{"href":"http:\/\/www.cpcaudry.fr\/index.php\/wp-json\/wp\/v2\/media?parent=78"}],"curies":[{"name":"wp","href":"https:\/\/api.w.org\/{rel}","templated":true}]}}