{"id":91,"date":"2026-03-06T14:33:51","date_gmt":"2026-03-06T14:33:51","guid":{"rendered":"http:\/\/njxsqse.cluster121.hosting.ovh.net\/?page_id=91"},"modified":"2026-03-14T10:00:39","modified_gmt":"2026-03-14T10:00:39","slug":"infos-pratiques","status":"publish","type":"page","link":"http:\/\/www.cpcaudry.fr\/index.php\/infos-pratiques\/","title":{"rendered":"infos pratiques"},"content":{"rendered":"\n<p class=\"has-text-align-left\"><\/p>\n\n\n\n<p><\/p>\n\n\n\n<p><br><strong>CONDITIONS DE JEU<br><\/strong>La comp\u00e9tition se d\u00e9roulera sur 2 lieux avec 16 tables chacun<br>La salle principale sera le Palais des Sports et la marque des tables sera:TIBHAR Smash<br>Balles Blanches : Nittaku 3* 40+<\/p>\n\n\n\n<p><\/p>\n\n\n\n<p><\/p>\n\n\n\n<p><\/p>\n\n\n\n<p><strong>TRANSPORTS<br><\/strong>En Voiture:<br>En provenance de PARIS (A1) prendre la direction de Bruxelles et sortir \u00e0  P\u00e9age CAMBRAI<br>Ensuite prendre la rocade 2e \u00e0 droite direction CAUDRY. Apr\u00e8s la sortie de Beauvois-en-Cambr\u00e9sis prendre le contournement \u00e0 droite puis aller jusqu&rsquo;au prochain rond point \u00e0 gauche et vous arrivez<br>directement \u00e0 la salle Jacques SECRETIN de CAUDRY. <\/p>\n\n\n\n<p>Le PALAIS DES SPORTS se trouve \u00e0 3mn \u00e0 pied de cette salle.<\/p>\n\n\n\n<figure class=\"wp-block-image size-large\"><img loading=\"lazy\" decoding=\"async\" width=\"1024\" height=\"661\" src=\"http:\/\/njxsqse.cluster121.hosting.ovh.net\/wp-content\/uploads\/2026\/03\/lessalles-1024x661.png\" alt=\"\" class=\"wp-image-151\" srcset=\"http:\/\/www.cpcaudry.fr\/wp-content\/uploads\/2026\/03\/lessalles-1024x661.png 1024w, http:\/\/www.cpcaudry.fr\/wp-content\/uploads\/2026\/03\/lessalles-300x194.png 300w, http:\/\/www.cpcaudry.fr\/wp-content\/uploads\/2026\/03\/lessalles-768x496.png 768w, http:\/\/www.cpcaudry.fr\/wp-content\/uploads\/2026\/03\/lessalles.png 1080w\" sizes=\"auto, (max-width: 1024px) 100vw, 1024px\" \/><\/figure>\n\n\n\n<p><\/p>\n\n\n\n<p><\/p>\n\n\n\n<p><strong>RESTAURATION<\/strong><br>Sur Place :<br>BUVETTES pr\u00e9vues dans les 2 salles<br>FRITERIE au PALAIS DES SPORTS<br>SNACKS : Sandwiches,croque monsieur,barres chocolat\u00e9es etc\u2026 <br><\/p>\n\n\n\n<p><strong>HEBERGEMENT<\/strong><\/p>\n\n\n\n<p>HOTELS<br>HOTEL AKENA 17 Bld du 8 Mai 1945<br>59540 CAUDRY<br>Tel: 0327829141<\/p>\n\n\n\n<p><br>HOTEL LOGIS HOSTELLERIE DU MARCHE<br>45 Rue de Landrecies<br>59360 LE CATEAU Tel: 0950109605<\/p>\n\n\n\n<p><br>HOTEL IBIS CAMBRAI<br>Route de Bapaume<br>59400 FONTAINE NOTRE DAME Tel: 0327829988<\/p>\n\n\n\n<p><br>HOTEL KYRIAD CAMBRAI<br>9003 Route de BAPAUME<br>59400 CAMBRAI Tel: 0327816200<\/p>\n\n\n\n<p><br>HOTEL 1ere CLASSE CAMBRAI- PROVILLE<br>75 Rue Jean D&rsquo; Alembert<br>59267 PROVILLE Tel: 0327830817<\/p>\n\n\n\n<p><br>HOTEL F1<br>Route de BAPAUME<br>59400 FONTAINE NOTRE DAME Tel: 0327830884<\/p>\n\n\n\n<p><br>B AND B HOTEL CAMBRAI<br>Rue Ren\u00e9 Descartes<br>59267 PROVILLE Tel: 0892233764<\/p>\n\n\n\n<p><br>HOTEL CHATEAU DE LA MOTTE FENNELON<br>Square du Ch\u00e2teau<br>59400 CAMBRAI Tel : 0801311854<\/p>\n\n\n\n<p><\/p>\n\n\n\n<p><strong>TRANSPORTS<\/strong><\/p>\n\n\n\n<p><br>En Voiture:<br>En provenance de PARIS (A1) prendre la direction de Bruxelles et sortir \u00e0 P\u00e9age CAMBRAI<br>Ensuite prendre la rocade 2e \u00e0 droite direction CAUDRY. Apr\u00e8s la sortie de Beauvois-en-Cambr\u00e9sis prendre le contournement \u00e0 droite puis aller jusqu&rsquo;au prochain rond point \u00e0 gauche et vous arrivez<br>directement \u00e0 la salle Jacques SECRETIN de CAUDRY. Le PALAIS DES SPORTS se trouve \u00e0 3mn \u00e0 pied de cette salle.<br>En TRAIN :<br>Possibilit\u00e9s d&rsquo;arriver \u00e0 la gare de CAUDRY directement.<br>En AVION :<br>LILLE LESQUIN,CDG, CHARLEROI et BRUXELLES<br>Les deux a\u00e9roports de BELGIQUE sont entre 1h et 1h30 en voiture de<br>CAUDRY<\/p>\n\n\n\n<p><strong>RESTAURANTS<\/strong><\/p>\n\n\n\n<p><\/p>\n\n\n\n<p><br>LE RESTO DE JO<br>Zone Commerciale E. LECLERC<br>Bld du 8 Mai 1945<br>59540 CAUDRY Tel: 0327762870<\/p>\n\n\n\n<p><br>LE MIRAGE BOWLING<br>21 Rue du champ de tir<br>ZI Cantimpr\u00e9<br>59400 CAMBRAI Tel: 0327852072<\/p>\n\n\n\n<p><br>LE ST BERNARD<br>CAFE PIZZERIA (proche de la salle SECR\u00c9TIN)<br>160 Rue Henri Barbusse<br>59540 CAUDRY Tel: 0327852072<\/p>\n\n\n\n<p><br>LES ROSES BLANCHES<br>Cuisine Raffin\u00e9e<br>1 Rue Jean Stablinski<br>59540 INCHY Tel: 0327763957<\/p>\n\n\n\n<p><br>BRASSERIE LECLERC CAUDRY<br>BLD du 8 Mai 1945<br>59540 CAUDRY Tel: 0327758080<\/p>\n","protected":false},"excerpt":{"rendered":"<p>CONDITIONS DE JEULa comp\u00e9tition se d\u00e9roulera sur 2 lieux avec 16 tables chacunLa salle principale sera le Palais des Sports et la marque des tables sera:TIBHAR SmashBalles Blanches : Nittaku 3* 40+ TRANSPORTSEn Voiture:En provenance de PARIS (A1) prendre la direction de Bruxelles et sortir \u00e0 P\u00e9age CAMBRAIEnsuite prendre la rocade 2e \u00e0 droite direction [&hellip;]<\/p>\n","protected":false},"author":1,"featured_media":0,"parent":0,"menu_order":0,"comment_status":"closed","ping_status":"closed","template":"","meta":{"footnotes":""},"class_list":["post-91","page","type-page","status-publish","hentry"],"_links":{"self":[{"href":"http:\/\/www.cpcaudry.fr\/index.php\/wp-json\/wp\/v2\/pages\/91","targetHints":{"allow":["GET"]}}],"collection":[{"href":"http:\/\/www.cpcaudry.fr\/index.php\/wp-json\/wp\/v2\/pages"}],"about":[{"href":"http:\/\/www.cpcaudry.fr\/index.php\/wp-json\/wp\/v2\/types\/page"}],"author":[{"embeddable":true,"href":"http:\/\/www.cpcaudry.fr\/index.php\/wp-json\/wp\/v2\/users\/1"}],"replies":[{"embeddable":true,"href":"http:\/\/www.cpcaudry.fr\/index.php\/wp-json\/wp\/v2\/comments?post=91"}],"version-history":[{"count":10,"href":"http:\/\/www.cpcaudry.fr\/index.php\/wp-json\/wp\/v2\/pages\/91\/revisions"}],"predecessor-version":[{"id":182,"href":"http:\/\/www.cpcaudry.fr\/index.php\/wp-json\/wp\/v2\/pages\/91\/revisions\/182"}],"wp:attachment":[{"href":"http:\/\/www.cpcaudry.fr\/index.php\/wp-json\/wp\/v2\/media?parent=91"}],"curies":[{"name":"wp","href":"https:\/\/api.w.org\/{rel}","templated":true}]}}