{"id":93,"date":"2026-03-06T14:34:45","date_gmt":"2026-03-06T14:34:45","guid":{"rendered":"http:\/\/njxsqse.cluster121.hosting.ovh.net\/?page_id=93"},"modified":"2026-03-13T15:03:18","modified_gmt":"2026-03-13T15:03:18","slug":"tourisme","status":"publish","type":"page","link":"http:\/\/www.cpcaudry.fr\/index.php\/tourisme\/","title":{"rendered":"tourisme&#8230;"},"content":{"rendered":"\n<ul class=\"wp-block-list\">\n<li><strong>Mus\u00e9e de la Dentelle de Caudry<\/strong><\/li>\n<\/ul>\n\n\n\n<figure class=\"wp-block-image size-full is-resized\"><img loading=\"lazy\" decoding=\"async\" width=\"930\" height=\"621\" src=\"http:\/\/njxsqse.cluster121.hosting.ovh.net\/wp-content\/uploads\/2026\/03\/dentelles.jpg\" alt=\"\" class=\"wp-image-161\" style=\"aspect-ratio:1.4976181853636794;width:276px;height:auto\" srcset=\"http:\/\/www.cpcaudry.fr\/wp-content\/uploads\/2026\/03\/dentelles.jpg 930w, http:\/\/www.cpcaudry.fr\/wp-content\/uploads\/2026\/03\/dentelles-300x200.jpg 300w, http:\/\/www.cpcaudry.fr\/wp-content\/uploads\/2026\/03\/dentelles-768x513.jpg 768w\" sizes=\"auto, (max-width: 930px) 100vw, 930px\" \/><\/figure>\n\n\n\n<p>INVITATION Vente exceptionnelle<br>de Dentelles et Broderies Vendredi 3, samedi 4,<br>dimanche 5 et lundi 6 avril 2026<br>COLLECTION Printemps \/ \u00c9t\u00e9 Le Mus\u00e9e des Dentelles et Broderies de Caudry organise vendredi 3 avril, de 14h00 \u00e0 17h00, samedi 4, dimanche 5 et lundi 6 avril 2026, de 14h30 \u00e0 18h00, une vente exceptionnelle de dentelles et broderies. Vous y d\u00e9couvrirez des coupes de dentelles Leavers issues de la collection printemps-\u00e9t\u00e9 2026, la finesse des dentelles chantilly ou le raffinement des dentelles rebrod\u00e9es: des broderies haut de gamme, guipures, tulles brod\u00e9s, de somptueuses \u00e9toffes \u00e0 prix raisonnables pour colles qui d\u00e9sirent se faire confectionner un v\u00e9tement unique ou une robe de mari\u00e9e de r\u00eave&#8230; A cette occasion, vous b\u00e9n\u00e9ficierez d&rsquo;une remise de 8 \u20ac pour 40 \u20ac, 10 \u20ac pour 50 \u20ac et 20 \u20ac pour 100 \u20ac<br>(remises d\u00e9j\u00e0 d\u00e9duites sur chaque coupon).<br>Entr\u00e9e gratuite et renseignement au 03 27 76 29 77<br>Mus\u00e9e des Dentelles et Broderies de Caudry<br>Place des Mantilles &#8211; 59540 Caudry<br>Mail : publics@musee-dentelle.caudry.fr<br>Site :&nbsp;<a href=\"http:\/\/www.museedentellecaudry.fr\/\">www.museedentellecaudry.fr<\/a>&nbsp;<br>Le printemps-\u00e9t\u00e9 2026 s&rsquo;annonce frais, sensuel et libre. Parmi les grandes tendances, le romantisme moderne: volants, denteles, imprim\u00e9s fours revisit\u00e9s et n\u0153uds surdimensionn\u00e9s.<br><\/p>\n\n\n\n<ul class=\"wp-block-list\">\n<li><strong>Mus\u00e9e Matisse de le CATEAU<\/strong><\/li>\n<\/ul>\n\n\n\n<figure class=\"wp-block-image size-full is-resized\"><img loading=\"lazy\" decoding=\"async\" width=\"960\" height=\"640\" src=\"http:\/\/njxsqse.cluster121.hosting.ovh.net\/wp-content\/uploads\/2026\/03\/matisse.jpg\" alt=\"\" class=\"wp-image-163\" style=\"width:278px;height:auto\" srcset=\"http:\/\/www.cpcaudry.fr\/wp-content\/uploads\/2026\/03\/matisse.jpg 960w, http:\/\/www.cpcaudry.fr\/wp-content\/uploads\/2026\/03\/matisse-300x200.jpg 300w, http:\/\/www.cpcaudry.fr\/wp-content\/uploads\/2026\/03\/matisse-768x512.jpg 768w\" sizes=\"auto, (max-width: 960px) 100vw, 960px\" \/><\/figure>\n\n\n\n<p>Le mus\u00e9e Matisse se trouve \u00e0 12 km de la salle Secr\u00e9tin de Caudry. <\/p>\n\n\n\n<p>Le mus\u00e9e se situe dans la ville natale de l&rsquo;artiste . C&rsquo;est l&rsquo;une des collections la plus importante au monde, la plupart des oeuvres donn\u00e9es directement par l&rsquo;artiste. Le cadre du palais F\u00e9nelon,alliant architecture classique et modernit\u00e9, sublime ses oeuvres&#8230; <\/p>\n\n\n\n<p>Mus\u00e9e Henri Matisse &#8211; 13 Place du Commandant \u00c9douard Richez, 59360 Le Cateau-Cambr\u00e9sis<\/p>\n\n\n\n<p>entr\u00e9e gratuite le dimanche 5 avril<\/p>\n\n\n\n<p>Site : <a href=\"https:\/\/museematisse.fr\/\">https:\/\/museematisse.fr\/<\/a><\/p>\n\n\n\n<p><\/p>\n\n\n\n<p><\/p>\n\n\n\n<ul class=\"wp-block-list\">\n<li><strong>Maison Foresti\u00e8re Owen \u00e0 Ors<\/strong><\/li>\n<\/ul>\n\n\n\n<figure class=\"wp-block-image size-full\"><img loading=\"lazy\" decoding=\"async\" width=\"400\" height=\"200\" src=\"http:\/\/njxsqse.cluster121.hosting.ovh.net\/wp-content\/uploads\/2026\/03\/foret.jpg\" alt=\"\" class=\"wp-image-165\" srcset=\"http:\/\/www.cpcaudry.fr\/wp-content\/uploads\/2026\/03\/foret.jpg 400w, http:\/\/www.cpcaudry.fr\/wp-content\/uploads\/2026\/03\/foret-300x150.jpg 300w\" sizes=\"auto, (max-width: 400px) 100vw, 400px\" \/><\/figure>\n\n\n\n<p>La maison forest\u00e8re se trouve \u00e0 17km de la salle Secr\u00e9tin<br>Nich\u00e9e au c\u0153ur de la for\u00eat du Bois l&rsquo;Ev\u00eaque entre le Cambr\u00e9sis et l&rsquo;Avesnois,&nbsp;<a href=\"https:\/\/www.facebook.com\/profile.php?id=100092226966534&amp;__tn__=-]K-R\">La Maison Foresti\u00e8re<\/a>&nbsp;vous accueille dans son tiers lieu d\u00e9di\u00e9 \u00e0 la Nature.<br><img loading=\"lazy\" decoding=\"async\" height=\"16\" width=\"16\" src=\"https:\/\/static.xx.fbcdn.net\/images\/emoji.php\/v9\/t7e\/1\/16\/1f4c5.png\" alt=\"\ud83d\udcc5\">&nbsp;<img loading=\"lazy\" decoding=\"async\" height=\"16\" width=\"16\" src=\"https:\/\/static.xx.fbcdn.net\/images\/emoji.php\/v9\/ta8\/1\/16\/1f550.png\" alt=\"\ud83d\udd50\">Elle est ouverte \u00e0 tous d&rsquo;Avril \u00e0 Novembre de 09h30 \u00e0 12h30 et de 14h \u00e0 17h30 :<br>&#8211; le mercredi, le samedi et le dimanche pendant la p\u00e9riode scolaire<br>&#8211; tous les jours (7\/7) pendant les vacances<\/p>\n\n\n\n<p>D\u00e9couvrez en image les richesses et les opportunit\u00e9s propos\u00e9es par ce lieu :<br>&#8211;&nbsp;<img loading=\"lazy\" decoding=\"async\" height=\"16\" width=\"16\" src=\"https:\/\/static.xx.fbcdn.net\/images\/emoji.php\/v9\/t8e\/1\/16\/2139.png\" alt=\"\u2139\ufe0f\">&nbsp;un espace d&rsquo;informations touristiques<br>&#8211;&nbsp;<img loading=\"lazy\" decoding=\"async\" height=\"16\" width=\"16\" src=\"https:\/\/static.xx.fbcdn.net\/images\/emoji.php\/v9\/t9f\/1\/16\/1f97e.png\" alt=\"\ud83e\udd7e\">&nbsp;deux d\u00e9parts de randonn\u00e9es en for\u00eat (\u00e9tang du Flaquet \u00e0 2,5 km)<br>&#8211;&nbsp;<img loading=\"lazy\" decoding=\"async\" height=\"16\" width=\"16\" src=\"https:\/\/static.xx.fbcdn.net\/images\/emoji.php\/v9\/tde\/1\/16\/1f6b2.png\" alt=\"\ud83d\udeb2\">&nbsp;de la location de v\u00e9los \u00e0 assistance \u00e9lectrique pour parcourir les environs le long du canal de la Sambre \u00e0 l&rsquo;Oise<br>&#8211;&nbsp;<img loading=\"lazy\" decoding=\"async\" height=\"16\" width=\"16\" src=\"https:\/\/static.xx.fbcdn.net\/images\/emoji.php\/v9\/t84\/1\/16\/1f381.png\" alt=\"\ud83c\udf81\">&nbsp;une boutique de produits locaux<br><br>Tout ceci \u00e0 moins de 100 m\u00e8tres de&nbsp;<a href=\"https:\/\/www.facebook.com\/profile.php?id=61563196328199&amp;__tn__=-]K-R\">L&rsquo;ermitage Estaminet de Ors<\/a>&nbsp;(le lieu parfait pour d\u00e9guster un plat typique frais, local et de saison) et \u00e0 10 minutes du&nbsp;<a href=\"https:\/\/www.facebook.com\/musee.departemental.matisse?__tn__=-]K-R\">Mus\u00e9e Henri Matisse<\/a>&nbsp;@Le Cateau-Cambr\u00e9sis.<\/p>\n\n\n\n<p><\/p>\n\n\n\n<ul class=\"wp-block-list\">\n<li><strong>le Derby LOSC \/ RC LENS Samedi 4 avril 21h<\/strong><\/li>\n<\/ul>\n\n\n\n<figure class=\"wp-block-image size-full is-resized\"><img loading=\"lazy\" decoding=\"async\" width=\"392\" height=\"302\" src=\"http:\/\/njxsqse.cluster121.hosting.ovh.net\/wp-content\/uploads\/2026\/03\/derby-1.jpg\" alt=\"\" class=\"wp-image-159\" style=\"width:230px;height:auto\" srcset=\"http:\/\/www.cpcaudry.fr\/wp-content\/uploads\/2026\/03\/derby-1.jpg 392w, http:\/\/www.cpcaudry.fr\/wp-content\/uploads\/2026\/03\/derby-1-300x231.jpg 300w\" sizes=\"auto, (max-width: 392px) 100vw, 392px\" \/><\/figure>\n\n\n\n<p>Impossible de ne pas parler du derby de Football qui a lieu le samedi soir<\/p>\n\n\n\n<p>Vous pourrez (peut-\u00eatre) trouver une place dans les brasseries (et sponsors) suivantes :<\/p>\n\n\n\n<ul class=\"wp-block-list\">\n<li>au Saint Bernard (avec les meilleures pizzas du coin) <a href=\"https:\/\/www.facebook.com\/profile.php?id=100065616184819\">https:\/\/www.facebook.com\/profile.php?id=100065616184819<\/a><\/li>\n\n\n\n<li>au Jubil\u00e9 (avec les meilleures frites du coin) <a href=\"https:\/\/www.facebook.com\/profile.php?id=100065616184819\">https:\/\/www.facebook.com\/profile.php?id=100065616184819<\/a><\/li>\n<\/ul>\n\n\n\n<p><\/p>\n","protected":false},"excerpt":{"rendered":"<p>INVITATION Vente exceptionnellede Dentelles et Broderies Vendredi 3, samedi 4,dimanche 5 et lundi 6 avril 2026COLLECTION Printemps \/ \u00c9t\u00e9 Le Mus\u00e9e des Dentelles et Broderies de Caudry organise vendredi 3 avril, de 14h00 \u00e0 17h00, samedi 4, dimanche 5 et lundi 6 avril 2026, de 14h30 \u00e0 18h00, une vente exceptionnelle de dentelles et broderies. [&hellip;]<\/p>\n","protected":false},"author":1,"featured_media":0,"parent":0,"menu_order":0,"comment_status":"closed","ping_status":"closed","template":"","meta":{"footnotes":""},"class_list":["post-93","page","type-page","status-publish","hentry"],"_links":{"self":[{"href":"http:\/\/www.cpcaudry.fr\/index.php\/wp-json\/wp\/v2\/pages\/93","targetHints":{"allow":["GET"]}}],"collection":[{"href":"http:\/\/www.cpcaudry.fr\/index.php\/wp-json\/wp\/v2\/pages"}],"about":[{"href":"http:\/\/www.cpcaudry.fr\/index.php\/wp-json\/wp\/v2\/types\/page"}],"author":[{"embeddable":true,"href":"http:\/\/www.cpcaudry.fr\/index.php\/wp-json\/wp\/v2\/users\/1"}],"replies":[{"embeddable":true,"href":"http:\/\/www.cpcaudry.fr\/index.php\/wp-json\/wp\/v2\/comments?post=93"}],"version-history":[{"count":9,"href":"http:\/\/www.cpcaudry.fr\/index.php\/wp-json\/wp\/v2\/pages\/93\/revisions"}],"predecessor-version":[{"id":167,"href":"http:\/\/www.cpcaudry.fr\/index.php\/wp-json\/wp\/v2\/pages\/93\/revisions\/167"}],"wp:attachment":[{"href":"http:\/\/www.cpcaudry.fr\/index.php\/wp-json\/wp\/v2\/media?parent=93"}],"curies":[{"name":"wp","href":"https:\/\/api.w.org\/{rel}","templated":true}]}}